{"id":8,"date":"2021-10-18T09:20:30","date_gmt":"2021-10-18T07:20:30","guid":{"rendered":"https:\/\/cuiralatre.com\/?page_id=8"},"modified":"2022-01-18T11:59:46","modified_gmt":"2022-01-18T10:59:46","slug":"cuiralatre","status":"publish","type":"page","link":"https:\/\/cuiralatre.com\/index.php\/cuiralatre\/","title":{"rendered":"Cuiralatre"},"content":{"rendered":"\t\t<div data-elementor-type=\"wp-page\" data-elementor-id=\"8\" class=\"elementor elementor-8\">\n\t\t\t\t\t\t\t\t\t<section class=\"elementor-section elementor-top-section elementor-element elementor-element-ffca8ec elementor-section-full_width elementor-section-height-full elementor-section-height-default elementor-section-items-middle\" data-id=\"ffca8ec\" data-element_type=\"section\" data-settings=\"{&quot;background_background&quot;:&quot;slideshow&quot;,&quot;background_slideshow_gallery&quot;:[{&quot;id&quot;:13,&quot;url&quot;:&quot;https:\\\/\\\/cuiralatre.com\\\/wp-content\\\/uploads\\\/2021\\\/10\\\/home4.jpg&quot;},{&quot;id&quot;:12,&quot;url&quot;:&quot;https:\\\/\\\/cuiralatre.com\\\/wp-content\\\/uploads\\\/2021\\\/10\\\/home3.jpg&quot;},{&quot;id&quot;:11,&quot;url&quot;:&quot;https:\\\/\\\/cuiralatre.com\\\/wp-content\\\/uploads\\\/2021\\\/10\\\/home2.jpg&quot;},{&quot;id&quot;:10,&quot;url&quot;:&quot;https:\\\/\\\/cuiralatre.com\\\/wp-content\\\/uploads\\\/2021\\\/10\\\/home1.jpg&quot;}],&quot;background_slideshow_slide_duration&quot;:1500,&quot;background_slideshow_transition_duration&quot;:2500,&quot;background_slideshow_loop&quot;:&quot;yes&quot;,&quot;background_slideshow_slide_transition&quot;:&quot;fade&quot;}\">\n\t\t\t\t\t\t<div class=\"elementor-container elementor-column-gap-default\">\n\t\t\t\t\t<div class=\"elementor-column elementor-col-100 elementor-top-column elementor-element elementor-element-40d4654\" data-id=\"40d4654\" data-element_type=\"column\">\n\t\t\t<div class=\"elementor-widget-wrap elementor-element-populated\">\n\t\t\t\t\t\t\t\t<div class=\"elementor-element elementor-element-d55acd9 elementor-widget elementor-widget-image\" data-id=\"d55acd9\" data-element_type=\"widget\" data-widget_type=\"image.default\">\n\t\t\t\t<div class=\"elementor-widget-container\">\n\t\t\t<style>\/*! elementor - v3.10.1 - 17-01-2023 *\/\n.elementor-widget-image{text-align:center}.elementor-widget-image a{display:inline-block}.elementor-widget-image a img[src$=\".svg\"]{width:48px}.elementor-widget-image img{vertical-align:middle;display:inline-block}<\/style>\t\t\t\t\t\t\t\t\t\t\t\t<img loading=\"lazy\" decoding=\"async\" width=\"600\" height=\"174\" src=\"https:\/\/cuiralatre.com\/wp-content\/uploads\/2021\/10\/logo-cuiralatre-seul.png\" class=\"attachment-large size-large wp-image-18\" alt=\"\" srcset=\"https:\/\/cuiralatre.com\/wp-content\/uploads\/2021\/10\/logo-cuiralatre-seul.png 600w, https:\/\/cuiralatre.com\/wp-content\/uploads\/2021\/10\/logo-cuiralatre-seul-300x87.png 300w\" sizes=\"auto, (max-width: 600px) 100vw, 600px\" \/>\t\t\t\t\t\t\t\t\t\t\t\t\t\t\t<\/div>\n\t\t\t\t<\/div>\n\t\t\t\t<div class=\"elementor-element elementor-element-aa23edc elementor-widget elementor-widget-text-editor\" data-id=\"aa23edc\" data-element_type=\"widget\" data-widget_type=\"text-editor.default\">\n\t\t\t\t<div class=\"elementor-widget-container\">\n\t\t\t<style>\/*! elementor - v3.10.1 - 17-01-2023 *\/\n.elementor-widget-text-editor.elementor-drop-cap-view-stacked .elementor-drop-cap{background-color:#818a91;color:#fff}.elementor-widget-text-editor.elementor-drop-cap-view-framed .elementor-drop-cap{color:#818a91;border:3px solid;background-color:transparent}.elementor-widget-text-editor:not(.elementor-drop-cap-view-default) .elementor-drop-cap{margin-top:8px}.elementor-widget-text-editor:not(.elementor-drop-cap-view-default) .elementor-drop-cap-letter{width:1em;height:1em}.elementor-widget-text-editor .elementor-drop-cap{float:left;text-align:center;line-height:1;font-size:50px}.elementor-widget-text-editor .elementor-drop-cap-letter{display:inline-block}<\/style>\t\t\t\t<p>Une nouvelle version de notre site arrive prochainement,<br \/>vous pouvez continuer de consulter l&rsquo;ancienne version en cliquant ci-dessous<\/p>\t\t\t\t\t\t<\/div>\n\t\t\t\t<\/div>\n\t\t\t\t<div class=\"elementor-element elementor-element-ccea01a elementor-align-center elementor-widget elementor-widget-button\" data-id=\"ccea01a\" data-element_type=\"widget\" data-widget_type=\"button.default\">\n\t\t\t\t<div class=\"elementor-widget-container\">\n\t\t\t\t\t<div class=\"elementor-button-wrapper\">\n\t\t\t<a href=\"http:\/\/cuiralatre-dijon.com\/\" class=\"elementor-button-link elementor-button elementor-size-sm\" role=\"button\">\n\t\t\t\t\t\t<span class=\"elementor-button-content-wrapper\">\n\t\t\t\t\t\t<span class=\"elementor-button-text\">CUIRALATRE<\/span>\n\t\t<\/span>\n\t\t\t\t\t<\/a>\n\t\t<\/div>\n\t\t\t\t<\/div>\n\t\t\t\t<\/div>\n\t\t\t\t\t<\/div>\n\t\t<\/div>\n\t\t\t\t\t\t\t<\/div>\n\t\t<\/section>\n\t\t\t\t\t\t\t<\/div>\n\t\t","protected":false},"excerpt":{"rendered":"<p>Une nouvelle version de notre site arrive prochainement, vous pouvez continuer de consulter l&rsquo;ancienne version en cliquant ci-dessous CUIRALATRE<\/p>\n","protected":false},"author":1,"featured_media":0,"parent":0,"menu_order":0,"comment_status":"closed","ping_status":"closed","template":"","meta":{"_monsterinsights_skip_tracking":false,"_monsterinsights_sitenote_active":false,"_monsterinsights_sitenote_note":"","_monsterinsights_sitenote_category":0,"site-sidebar-layout":"no-sidebar","site-content-layout":"page-builder","ast-site-content-layout":"","site-content-style":"default","site-sidebar-style":"default","ast-global-header-display":"","ast-banner-title-visibility":"","ast-main-header-display":"disabled","ast-hfb-above-header-display":"","ast-hfb-below-header-display":"","ast-hfb-mobile-header-display":"","site-post-title":"disabled","ast-breadcrumbs-content":"","ast-featured-img":"disabled","footer-sml-layout":"","theme-transparent-header-meta":"default","adv-header-id-meta":"","stick-header-meta":"","header-above-stick-meta":"","header-main-stick-meta":"","header-below-stick-meta":"","astra-migrate-meta-layouts":"default","ast-page-background-enabled":"default","ast-page-background-meta":{"desktop":{"background-color":"var(--ast-global-color-4)","background-image":"","background-repeat":"repeat","background-position":"center center","background-size":"auto","background-attachment":"scroll","background-type":"","background-media":"","overlay-type":"","overlay-color":"","overlay-opacity":"","overlay-gradient":""},"tablet":{"background-color":"","background-image":"","background-repeat":"repeat","background-position":"center center","background-size":"auto","background-attachment":"scroll","background-type":"","background-media":"","overlay-type":"","overlay-color":"","overlay-opacity":"","overlay-gradient":""},"mobile":{"background-color":"","background-image":"","background-repeat":"repeat","background-position":"center center","background-size":"auto","background-attachment":"scroll","background-type":"","background-media":"","overlay-type":"","overlay-color":"","overlay-opacity":"","overlay-gradient":""}},"ast-content-background-meta":{"desktop":{"background-color":"var(--ast-global-color-5)","background-image":"","background-repeat":"repeat","background-position":"center center","background-size":"auto","background-attachment":"scroll","background-type":"","background-media":"","overlay-type":"","overlay-color":"","overlay-opacity":"","overlay-gradient":""},"tablet":{"background-color":"var(--ast-global-color-5)","background-image":"","background-repeat":"repeat","background-position":"center center","background-size":"auto","background-attachment":"scroll","background-type":"","background-media":"","overlay-type":"","overlay-color":"","overlay-opacity":"","overlay-gradient":""},"mobile":{"background-color":"var(--ast-global-color-5)","background-image":"","background-repeat":"repeat","background-position":"center center","background-size":"auto","background-attachment":"scroll","background-type":"","background-media":"","overlay-type":"","overlay-color":"","overlay-opacity":"","overlay-gradient":""}},"footnotes":""},"class_list":["post-8","page","type-page","status-publish","hentry"],"yoast_head":"<!-- This site is optimized with the Yoast SEO plugin v19.2 - https:\/\/yoast.com\/wordpress\/plugins\/seo\/ -->\n<title>Appareils de cuisson traditionnels au feu de bois- Fabrication artisanale de barbecues, grils et tournebroches \u00e0 contrepoids en Bourgogne<\/title>\n<meta name=\"description\" content=\"Les barbecues, tournebroches et grills sont fabriqu\u00e9s de fa\u00e7on artisanales dans nos ateliers de Chen\u00f4ve en Bourgogne\" \/>\n<meta name=\"robots\" content=\"index, follow, max-snippet:-1, max-image-preview:large, max-video-preview:-1\" \/>\n<link rel=\"canonical\" href=\"https:\/\/cuiralatre.com\/index.php\/cuiralatre\/\" \/>\n<meta property=\"og:locale\" content=\"fr_FR\" \/>\n<meta property=\"og:type\" content=\"article\" \/>\n<meta property=\"og:title\" content=\"Appareils de cuisson traditionnels au feu de bois- Fabrication artisanale de barbecues, grils et tournebroches \u00e0 contrepoids en Bourgogne\" \/>\n<meta property=\"og:description\" content=\"Les barbecues, tournebroches et grills sont fabriqu\u00e9s de fa\u00e7on artisanales dans nos ateliers de Chen\u00f4ve en Bourgogne\" \/>\n<meta property=\"og:url\" content=\"https:\/\/cuiralatre.com\/index.php\/cuiralatre\/\" \/>\n<meta property=\"og:site_name\" content=\"Cuiralatre\" \/>\n<meta property=\"article:modified_time\" content=\"2022-01-18T10:59:46+00:00\" \/>\n<meta property=\"og:image\" content=\"https:\/\/cuiralatre.com\/wp-content\/uploads\/2021\/10\/logo-cuiralatre-seul.png\" \/>\n<meta name=\"author\" content=\"Gilles63\" \/>\n<meta name=\"twitter:card\" content=\"summary_large_image\" \/>\n<meta name=\"twitter:label1\" content=\"Dur\u00e9e de lecture estim\u00e9e\" \/>\n\t<meta name=\"twitter:data1\" content=\"1 minute\" \/>\n<script type=\"application\/ld+json\" class=\"yoast-schema-graph\">{\"@context\":\"https:\/\/schema.org\",\"@graph\":[{\"@type\":\"WebSite\",\"@id\":\"https:\/\/cuiralatre.com\/#website\",\"url\":\"https:\/\/cuiralatre.com\/\",\"name\":\"Cuiralatre\",\"description\":\"Appareils de cuisson au feu de bois\",\"potentialAction\":[{\"@type\":\"SearchAction\",\"target\":{\"@type\":\"EntryPoint\",\"urlTemplate\":\"https:\/\/cuiralatre.com\/?s={search_term_string}\"},\"query-input\":\"required name=search_term_string\"}],\"inLanguage\":\"fr-FR\"},{\"@type\":\"ImageObject\",\"inLanguage\":\"fr-FR\",\"@id\":\"https:\/\/cuiralatre.com\/index.php\/cuiralatre\/#primaryimage\",\"url\":\"https:\/\/cuiralatre.com\/wp-content\/uploads\/2021\/10\/logo-cuiralatre-seul.png\",\"contentUrl\":\"https:\/\/cuiralatre.com\/wp-content\/uploads\/2021\/10\/logo-cuiralatre-seul.png\",\"width\":600,\"height\":174},{\"@type\":\"WebPage\",\"@id\":\"https:\/\/cuiralatre.com\/index.php\/cuiralatre\/#webpage\",\"url\":\"https:\/\/cuiralatre.com\/index.php\/cuiralatre\/\",\"name\":\"Appareils de cuisson traditionnels au feu de bois- Fabrication artisanale de barbecues, grils et tournebroches \u00e0 contrepoids en Bourgogne\",\"isPartOf\":{\"@id\":\"https:\/\/cuiralatre.com\/#website\"},\"primaryImageOfPage\":{\"@id\":\"https:\/\/cuiralatre.com\/index.php\/cuiralatre\/#primaryimage\"},\"datePublished\":\"2021-10-18T07:20:30+00:00\",\"dateModified\":\"2022-01-18T10:59:46+00:00\",\"description\":\"Les barbecues, tournebroches et grills sont fabriqu\u00e9s de fa\u00e7on artisanales dans nos ateliers de Chen\u00f4ve en Bourgogne\",\"breadcrumb\":{\"@id\":\"https:\/\/cuiralatre.com\/index.php\/cuiralatre\/#breadcrumb\"},\"inLanguage\":\"fr-FR\",\"potentialAction\":[{\"@type\":\"ReadAction\",\"target\":[\"https:\/\/cuiralatre.com\/index.php\/cuiralatre\/\"]}]},{\"@type\":\"BreadcrumbList\",\"@id\":\"https:\/\/cuiralatre.com\/index.php\/cuiralatre\/#breadcrumb\",\"itemListElement\":[{\"@type\":\"ListItem\",\"position\":1,\"name\":\"Accueil\",\"item\":\"https:\/\/cuiralatre.com\/\"},{\"@type\":\"ListItem\",\"position\":2,\"name\":\"Cuiralatre\"}]}]}<\/script>\n<!-- \/ Yoast SEO plugin. -->","yoast_head_json":{"title":"Appareils de cuisson traditionnels au feu de bois- Fabrication artisanale de barbecues, grils et tournebroches \u00e0 contrepoids en Bourgogne","description":"Les barbecues, tournebroches et grills sont fabriqu\u00e9s de fa\u00e7on artisanales dans nos ateliers de Chen\u00f4ve en Bourgogne","robots":{"index":"index","follow":"follow","max-snippet":"max-snippet:-1","max-image-preview":"max-image-preview:large","max-video-preview":"max-video-preview:-1"},"canonical":"https:\/\/cuiralatre.com\/index.php\/cuiralatre\/","og_locale":"fr_FR","og_type":"article","og_title":"Appareils de cuisson traditionnels au feu de bois- Fabrication artisanale de barbecues, grils et tournebroches \u00e0 contrepoids en Bourgogne","og_description":"Les barbecues, tournebroches et grills sont fabriqu\u00e9s de fa\u00e7on artisanales dans nos ateliers de Chen\u00f4ve en Bourgogne","og_url":"https:\/\/cuiralatre.com\/index.php\/cuiralatre\/","og_site_name":"Cuiralatre","article_modified_time":"2022-01-18T10:59:46+00:00","og_image":[{"url":"https:\/\/cuiralatre.com\/wp-content\/uploads\/2021\/10\/logo-cuiralatre-seul.png"}],"author":"Gilles63","twitter_card":"summary_large_image","twitter_misc":{"Dur\u00e9e de lecture estim\u00e9e":"1 minute"},"schema":{"@context":"https:\/\/schema.org","@graph":[{"@type":"WebSite","@id":"https:\/\/cuiralatre.com\/#website","url":"https:\/\/cuiralatre.com\/","name":"Cuiralatre","description":"Appareils de cuisson au feu de bois","potentialAction":[{"@type":"SearchAction","target":{"@type":"EntryPoint","urlTemplate":"https:\/\/cuiralatre.com\/?s={search_term_string}"},"query-input":"required name=search_term_string"}],"inLanguage":"fr-FR"},{"@type":"ImageObject","inLanguage":"fr-FR","@id":"https:\/\/cuiralatre.com\/index.php\/cuiralatre\/#primaryimage","url":"https:\/\/cuiralatre.com\/wp-content\/uploads\/2021\/10\/logo-cuiralatre-seul.png","contentUrl":"https:\/\/cuiralatre.com\/wp-content\/uploads\/2021\/10\/logo-cuiralatre-seul.png","width":600,"height":174},{"@type":"WebPage","@id":"https:\/\/cuiralatre.com\/index.php\/cuiralatre\/#webpage","url":"https:\/\/cuiralatre.com\/index.php\/cuiralatre\/","name":"Appareils de cuisson traditionnels au feu de bois- Fabrication artisanale de barbecues, grils et tournebroches \u00e0 contrepoids en Bourgogne","isPartOf":{"@id":"https:\/\/cuiralatre.com\/#website"},"primaryImageOfPage":{"@id":"https:\/\/cuiralatre.com\/index.php\/cuiralatre\/#primaryimage"},"datePublished":"2021-10-18T07:20:30+00:00","dateModified":"2022-01-18T10:59:46+00:00","description":"Les barbecues, tournebroches et grills sont fabriqu\u00e9s de fa\u00e7on artisanales dans nos ateliers de Chen\u00f4ve en Bourgogne","breadcrumb":{"@id":"https:\/\/cuiralatre.com\/index.php\/cuiralatre\/#breadcrumb"},"inLanguage":"fr-FR","potentialAction":[{"@type":"ReadAction","target":["https:\/\/cuiralatre.com\/index.php\/cuiralatre\/"]}]},{"@type":"BreadcrumbList","@id":"https:\/\/cuiralatre.com\/index.php\/cuiralatre\/#breadcrumb","itemListElement":[{"@type":"ListItem","position":1,"name":"Accueil","item":"https:\/\/cuiralatre.com\/"},{"@type":"ListItem","position":2,"name":"Cuiralatre"}]}]}},"_links":{"self":[{"href":"https:\/\/cuiralatre.com\/index.php\/wp-json\/wp\/v2\/pages\/8","targetHints":{"allow":["GET"]}}],"collection":[{"href":"https:\/\/cuiralatre.com\/index.php\/wp-json\/wp\/v2\/pages"}],"about":[{"href":"https:\/\/cuiralatre.com\/index.php\/wp-json\/wp\/v2\/types\/page"}],"author":[{"embeddable":true,"href":"https:\/\/cuiralatre.com\/index.php\/wp-json\/wp\/v2\/users\/1"}],"replies":[{"embeddable":true,"href":"https:\/\/cuiralatre.com\/index.php\/wp-json\/wp\/v2\/comments?post=8"}],"version-history":[{"count":42,"href":"https:\/\/cuiralatre.com\/index.php\/wp-json\/wp\/v2\/pages\/8\/revisions"}],"predecessor-version":[{"id":1846,"href":"https:\/\/cuiralatre.com\/index.php\/wp-json\/wp\/v2\/pages\/8\/revisions\/1846"}],"wp:attachment":[{"href":"https:\/\/cuiralatre.com\/index.php\/wp-json\/wp\/v2\/media?parent=8"}],"curies":[{"name":"wp","href":"https:\/\/api.w.org\/{rel}","templated":true}]}}