{"id":2586,"date":"2022-01-03T15:59:48","date_gmt":"2022-01-03T14:59:48","guid":{"rendered":"https:\/\/cuiralatre.com\/?page_id=2586"},"modified":"2022-01-03T16:03:06","modified_gmt":"2022-01-03T15:03:06","slug":"cgv","status":"publish","type":"page","link":"https:\/\/cuiralatre.com\/index.php\/cgv\/","title":{"rendered":"CGV"},"content":{"rendered":"\t\t<div data-elementor-type=\"wp-page\" data-elementor-id=\"2586\" class=\"elementor elementor-2586\">\n\t\t\t\t\t\t\t\t\t<section class=\"elementor-section elementor-top-section elementor-element elementor-element-eb7300f elementor-section-boxed elementor-section-height-default elementor-section-height-default\" data-id=\"eb7300f\" data-element_type=\"section\">\n\t\t\t\t\t\t<div class=\"elementor-container elementor-column-gap-default\">\n\t\t\t\t\t<div class=\"elementor-column elementor-col-100 elementor-top-column elementor-element elementor-element-72f3a40\" data-id=\"72f3a40\" data-element_type=\"column\">\n\t\t\t<div class=\"elementor-widget-wrap elementor-element-populated\">\n\t\t\t\t\t\t\t\t<div class=\"elementor-element elementor-element-160e0c4 elementor-widget elementor-widget-spacer\" data-id=\"160e0c4\" data-element_type=\"widget\" data-widget_type=\"spacer.default\">\n\t\t\t\t<div class=\"elementor-widget-container\">\n\t\t\t<style>\/*! elementor - v3.10.1 - 17-01-2023 *\/\n.elementor-column .elementor-spacer-inner{height:var(--spacer-size)}.e-con{--container-widget-width:100%}.e-con-inner>.elementor-widget-spacer,.e-con>.elementor-widget-spacer{width:var(--container-widget-width,var(--spacer-size));--align-self:var(--container-widget-align-self,initial);--flex-shrink:0}.e-con-inner>.elementor-widget-spacer>.elementor-widget-container,.e-con-inner>.elementor-widget-spacer>.elementor-widget-container>.elementor-spacer,.e-con>.elementor-widget-spacer>.elementor-widget-container,.e-con>.elementor-widget-spacer>.elementor-widget-container>.elementor-spacer{height:100%}.e-con-inner>.elementor-widget-spacer>.elementor-widget-container>.elementor-spacer>.elementor-spacer-inner,.e-con>.elementor-widget-spacer>.elementor-widget-container>.elementor-spacer>.elementor-spacer-inner{height:var(--container-widget-height,var(--spacer-size))}<\/style>\t\t<div class=\"elementor-spacer\">\n\t\t\t<div class=\"elementor-spacer-inner\"><\/div>\n\t\t<\/div>\n\t\t\t\t<\/div>\n\t\t\t\t<\/div>\n\t\t\t\t<div class=\"elementor-element elementor-element-6ec6bd2 elementor-widget elementor-widget-heading\" data-id=\"6ec6bd2\" data-element_type=\"widget\" data-widget_type=\"heading.default\">\n\t\t\t\t<div class=\"elementor-widget-container\">\n\t\t\t<style>\/*! elementor - v3.10.1 - 17-01-2023 *\/\n.elementor-heading-title{padding:0;margin:0;line-height:1}.elementor-widget-heading .elementor-heading-title[class*=elementor-size-]>a{color:inherit;font-size:inherit;line-height:inherit}.elementor-widget-heading .elementor-heading-title.elementor-size-small{font-size:15px}.elementor-widget-heading .elementor-heading-title.elementor-size-medium{font-size:19px}.elementor-widget-heading .elementor-heading-title.elementor-size-large{font-size:29px}.elementor-widget-heading .elementor-heading-title.elementor-size-xl{font-size:39px}.elementor-widget-heading .elementor-heading-title.elementor-size-xxl{font-size:59px}<\/style><h2 class=\"elementor-heading-title elementor-size-default\">Conditions g\u00e9n\u00e9rales de vente<\/h2>\t\t<\/div>\n\t\t\t\t<\/div>\n\t\t\t\t<div class=\"elementor-element elementor-element-c9ca0c3 elementor-widget elementor-widget-text-editor\" data-id=\"c9ca0c3\" data-element_type=\"widget\" data-widget_type=\"text-editor.default\">\n\t\t\t\t<div class=\"elementor-widget-container\">\n\t\t\t<style>\/*! elementor - v3.10.1 - 17-01-2023 *\/\n.elementor-widget-text-editor.elementor-drop-cap-view-stacked .elementor-drop-cap{background-color:#818a91;color:#fff}.elementor-widget-text-editor.elementor-drop-cap-view-framed .elementor-drop-cap{color:#818a91;border:3px solid;background-color:transparent}.elementor-widget-text-editor:not(.elementor-drop-cap-view-default) .elementor-drop-cap{margin-top:8px}.elementor-widget-text-editor:not(.elementor-drop-cap-view-default) .elementor-drop-cap-letter{width:1em;height:1em}.elementor-widget-text-editor .elementor-drop-cap{float:left;text-align:center;line-height:1;font-size:50px}.elementor-widget-text-editor .elementor-drop-cap-letter{display:inline-block}<\/style>\t\t\t\t<p><span id=\"page93R_mcid1\" class=\"markedContent\"><br role=\"presentation\" \/><span dir=\"ltr\" role=\"presentation\"><b>Conclusions du contrat<\/b><\/span><\/span><span id=\"page93R_mcid2\" class=\"markedContent\"><br role=\"presentation\" \/><span dir=\"ltr\" role=\"presentation\">Les renseignements port\u00e9s sur les catalogues, notices, bar\u00e8mes et autres documents sont donn\u00e9s \u00e0 titre indicatif et n\u2019en<\/span><\/span><span id=\"page93R_mcid3\" class=\"markedContent\"> <span dir=\"ltr\" role=\"presentation\">&#8211;<\/span><\/span><span id=\"page93R_mcid4\" class=\"markedContent\"><br role=\"presentation\" \/><span dir=\"ltr\" role=\"presentation\">gagent pas le vendeur.<\/span><\/span><span id=\"page93R_mcid5\" class=\"markedContent\"><br role=\"presentation\" \/><span dir=\"ltr\" role=\"presentation\">La commande de l\u2019acheteur est r\u00e9put\u00e9e d\u00e9finitive apr\u00e8s acceptation du vendeur<\/span><\/span><span id=\"page93R_mcid6\" class=\"markedContent\"><br role=\"presentation\" \/><span dir=\"ltr\" role=\"presentation\">Les pr\u00e9sentes conditions g\u00e9n\u00e9rales pr\u00e9valent sur toutes autres conditions g\u00e9n\u00e9rales qui pourraient leur \u00eatre oppos\u00e9es.<\/span><\/span><span id=\"page93R_mcid7\" class=\"markedContent\"><br role=\"presentation\" \/><span dir=\"ltr\" role=\"presentation\">Le client est seul responsable du choix de son produit, il devra v\u00e9rifier et s\u2019assurer, sous sa seule responsabilit\u00e9, qu\u2019il convient<\/span><\/span><span id=\"page93R_mcid8\" class=\"markedContent\"><br role=\"presentation\" \/><span dir=\"ltr\" role=\"presentation\">\u00e0 l\u2019usage pour lequel il est mis en \u0153uvre.<\/span><\/span><span id=\"page93R_mcid9\" class=\"markedContent\"><br role=\"presentation\" \/><span dir=\"ltr\" role=\"presentation\"><br \/><strong>Conditions d\u2019ex\u00e9cution du contrat<\/strong><\/span><\/span><span id=\"page93R_mcid10\" class=\"markedContent\"><br role=\"presentation\" \/><span dir=\"ltr\" role=\"presentation\">Les d\u00e9lais d\u2019ex\u00e9cution sont donn\u00e9s \u00e0 titre indicatif, le retard \u00e9ventuel ne peut en aucun cas \u00eatre invoqu\u00e9 comme cause d\u2019an<\/span><\/span><span id=\"page93R_mcid11\" class=\"markedContent\"><span dir=\"ltr\" role=\"presentation\">&#8211;<\/span><\/span><span id=\"page93R_mcid12\" class=\"markedContent\"><br role=\"presentation\" \/><span dir=\"ltr\" role=\"presentation\">nulation de la commande et ne donne droit \u00e0 aucune indemnit\u00e9.<\/span><\/span><span id=\"page93R_mcid13\" class=\"markedContent\"><br role=\"presentation\" \/><span dir=\"ltr\" role=\"presentation\">Nos devis, dessins, calculs, plans, maquettes et descriptifs restent notre propri\u00e9t\u00e9 exclusive. Leur communication \u00e0 d\u2019autres<\/span><\/span><span id=\"page93R_mcid14\" class=\"markedContent\"><br role=\"presentation\" \/><span dir=\"ltr\" role=\"presentation\">entreprises ou tiers est interdite.<\/span><\/span><span id=\"page93R_mcid15\" class=\"markedContent\"><br role=\"presentation\" \/><span dir=\"ltr\" role=\"presentation\">Les r\u00e9clamations doivent \u00eatre formul\u00e9es dans les 48 heures suivant la r\u00e9ception des envois.<\/span><\/span><span id=\"page93R_mcid16\" class=\"markedContent\"><br role=\"presentation\" \/><span dir=\"ltr\" role=\"presentation\">Il appartient au client, en cas d\u2019avaries des marchandises livr\u00e9es ou de manquants, d\u2019effectuer toutes les r\u00e9serves n\u00e9ces<\/span><\/span><span id=\"page93R_mcid17\" class=\"markedContent\"> <span dir=\"ltr\" role=\"presentation\">&#8211;<\/span><\/span><span id=\"page93R_mcid18\" class=\"markedContent\"><br role=\"presentation\" \/><span dir=\"ltr\" role=\"presentation\">saires aupr\u00e8s du transporteur.<\/span><\/span><span id=\"page93R_mcid19\" class=\"markedContent\"><br role=\"presentation\" \/><span dir=\"ltr\" role=\"presentation\"><br \/><strong>Prix et paiement<\/strong><\/span><\/span><span id=\"page93R_mcid20\" class=\"markedContent\"><br role=\"presentation\" \/><span dir=\"ltr\" role=\"presentation\">Les paiements sont \u00e0 effectuer \u00e0 r\u00e9ception de la facture, au domicile ou au si\u00e8ge social de l\u2019entreprise.<\/span><\/span><span id=\"page93R_mcid21\" class=\"markedContent\"><br role=\"presentation\" \/><span dir=\"ltr\" role=\"presentation\">Nos prix sont r\u00e9put\u00e9s nets sans escompte, taxes comprises. Ils seront r\u00e9ajust\u00e9s en tenant compte des variations des co\u00fbts<\/span><\/span><span id=\"page93R_mcid22\" class=\"markedContent\"><br role=\"presentation\" \/><span dir=\"ltr\" role=\"presentation\">de main d\u2019\u0153uvre, des mat\u00e9riaux et des taxes, au jour de l\u2019ex\u00e9cution.<\/span><\/span><span id=\"page93R_mcid23\" class=\"markedContent\"><br role=\"presentation\" \/><span dir=\"ltr\" role=\"presentation\">Toute somme non pay\u00e9e \u00e0 l\u2019\u00e9ch\u00e9ance donnera lieu au paiement par le client de p\u00e9nalit\u00e9s fix\u00e9es \u00e0 une fois et demie le taux<\/span><\/span><span id=\"page93R_mcid24\" class=\"markedContent\"><br role=\"presentation\" \/><span dir=\"ltr\" role=\"presentation\">d\u2019int\u00e9r\u00eat l\u00e9gal, les frais de recouvrement \u00e9tant \u00e0 la charge de l\u2019acheteur.<\/span><\/span><span id=\"page93R_mcid25\" class=\"markedContent\"><br role=\"presentation\" \/><span dir=\"ltr\" role=\"presentation\"><br \/><strong>Garanties \u2013 responsabilit\u00e9<\/strong><\/span><\/span><span id=\"page93R_mcid26\" class=\"markedContent\"><br role=\"presentation\" \/><span dir=\"ltr\" role=\"presentation\">L\u2019usure du mat\u00e9riel est inh\u00e9rente \u00e0 son utilisation. Des \u00e9l\u00e9ments comme les grills acier peuvent par exemple \u00eatre amen\u00e9s<\/span><\/span><span id=\"page93R_mcid27\" class=\"markedContent\"><\/span><span id=\"page93R_mcid28\" class=\"markedContent\"><br role=\"presentation\" \/><span dir=\"ltr\" role=\"presentation\">\u00e0 \u00eatre remplac\u00e9s au fil du temps en fonction de leur fr\u00e9quence d\u2019utilisation.<\/span><\/span><span id=\"page93R_mcid29\" class=\"markedContent\"><br role=\"presentation\" \/><span dir=\"ltr\" role=\"presentation\">Les c\u00f4tes et croquis type que nous vous faisons parvenir sont \u00e9tablis pour recevoir notre mat\u00e9riel standard.<\/span><\/span><span id=\"page93R_mcid30\" class=\"markedContent\"><br role=\"presentation\" \/><span dir=\"ltr\" role=\"presentation\">Les arriv\u00e9es d\u2019air frais que nous pr\u00e9conisons sont destin\u00e9es \u00e0 activer les braises pour la cuisson des brochettes ou la cuisson au<\/span><\/span><span id=\"page93R_mcid31\" class=\"markedContent\"><br role=\"presentation\" \/><span dir=\"ltr\" role=\"presentation\">gril. Avant l\u2019ex\u00e9cution de votre chemin\u00e9e ou barbecue, il vous appartient de prendre connaissance des r\u00e8gles concernant le bon<\/span><\/span><span id=\"page93R_mcid32\" class=\"markedContent\"><br role=\"presentation\" \/><span dir=\"ltr\" role=\"presentation\">tirage de votre ouvrage pour \u00e9viter le refoulement des fum\u00e9es en fonction de son implantation, de la dimensions et de la hauteur<\/span><\/span><span id=\"page93R_mcid33\" class=\"markedContent\"><br role=\"presentation\" \/><span dir=\"ltr\" role=\"presentation\">du conduit, etc. Ces renseignements pourront vous \u00eatre fournis par un \u00e2trier un fumiste ou un ing\u00e9nieur en fluides de votre r\u00e9gion.<\/span><\/span><span id=\"page93R_mcid34\" class=\"markedContent\"><\/span><span id=\"page93R_mcid35\" class=\"markedContent\"><br role=\"presentation\" \/><span dir=\"ltr\" role=\"presentation\">En aucun cas notre entreprise ne pourra \u00eatre mise en cause s\u2019il y a un probl\u00e8me de tirage.<\/span><\/span><span id=\"page93R_mcid36\" class=\"markedContent\"><br role=\"presentation\" \/><span dir=\"ltr\" role=\"presentation\">Notre prestation se limite \u00e0 la fourniture de mat\u00e9riel et accessoires pour la cuisson au feu de bois.<\/span><\/span><span id=\"page93R_mcid37\" class=\"markedContent\"><br role=\"presentation\" \/><span dir=\"ltr\" role=\"presentation\"><br \/><strong>R\u00e9serve de propri\u00e9t\u00e9<\/strong><\/span><\/span><span id=\"page93R_mcid38\" class=\"markedContent\"><br role=\"presentation\" \/><span dir=\"ltr\" role=\"presentation\">Le transfert de propri\u00e9t\u00e9 de nos produits est suspendu jusqu\u2019\u00e0 complet paiement du prix de ceux-ci par le client, en principal<\/span><\/span><span id=\"page93R_mcid39\" class=\"markedContent\"><br role=\"presentation\" \/><span dir=\"ltr\" role=\"presentation\">et accessoires, m\u00eame en cas d\u2019octroi de d\u00e9lais de paiement. Toute clause contraire, notamment ins\u00e9r\u00e9e dans les conditions<\/span><\/span><span id=\"page93R_mcid40\" class=\"markedContent\"><br role=\"presentation\" \/><span dir=\"ltr\" role=\"presentation\">g\u00e9n\u00e9rales d\u2019achat, est r\u00e9put\u00e9e non \u00e9crite, conform\u00e9ment \u00e0 l\u2019article L. 621-122 du Code de Commerce.<\/span><\/span><span id=\"page93R_mcid41\" class=\"markedContent\"><br role=\"presentation\" \/><span dir=\"ltr\" role=\"presentation\"><br \/><strong>Attribution de juridiction<\/strong><\/span><\/span><span id=\"page93R_mcid42\" class=\"markedContent\"><br role=\"presentation\" \/><span dir=\"ltr\" role=\"presentation\">En cas de litige, seuls seront comp\u00e9tents les tribunaux du si\u00e8ge social de l\u2019entreprise, nonobstant toute clause contraire de<\/span><\/span><span id=\"page93R_mcid43\" class=\"markedContent\"><br role=\"presentation\" \/><span dir=\"ltr\" role=\"presentation\">la partie adverse. Les pr\u00e9sentes valent attribution de juridiction<\/span><\/span><\/p>\t\t\t\t\t\t<\/div>\n\t\t\t\t<\/div>\n\t\t\t\t\t<\/div>\n\t\t<\/div>\n\t\t\t\t\t\t\t<\/div>\n\t\t<\/section>\n\t\t\t\t\t\t\t<\/div>\n\t\t","protected":false},"excerpt":{"rendered":"<p>Conditions g\u00e9n\u00e9rales de vente Conclusions du contratLes renseignements port\u00e9s sur les catalogues, notices, bar\u00e8mes et autres documents sont donn\u00e9s \u00e0 titre indicatif et n\u2019en &#8211;gagent pas le vendeur.La commande de l\u2019acheteur est r\u00e9put\u00e9e d\u00e9finitive apr\u00e8s acceptation du vendeurLes pr\u00e9sentes conditions g\u00e9n\u00e9rales pr\u00e9valent sur toutes autres conditions g\u00e9n\u00e9rales qui pourraient leur \u00eatre oppos\u00e9es.Le client est seul [&hellip;]<\/p>\n","protected":false},"author":1,"featured_media":0,"parent":0,"menu_order":0,"comment_status":"closed","ping_status":"closed","template":"","meta":{"_monsterinsights_skip_tracking":false,"_monsterinsights_sitenote_active":false,"_monsterinsights_sitenote_note":"","_monsterinsights_sitenote_category":0,"site-sidebar-layout":"no-sidebar","site-content-layout":"page-builder","ast-site-content-layout":"","site-content-style":"default","site-sidebar-style":"default","ast-global-header-display":"","ast-banner-title-visibility":"","ast-main-header-display":"","ast-hfb-above-header-display":"","ast-hfb-below-header-display":"","ast-hfb-mobile-header-display":"","site-post-title":"disabled","ast-breadcrumbs-content":"","ast-featured-img":"disabled","footer-sml-layout":"","theme-transparent-header-meta":"default","adv-header-id-meta":"","stick-header-meta":"","header-above-stick-meta":"","header-main-stick-meta":"","header-below-stick-meta":"","astra-migrate-meta-layouts":"default","ast-page-background-enabled":"default","ast-page-background-meta":{"desktop":{"background-color":"var(--ast-global-color-4)","background-image":"","background-repeat":"repeat","background-position":"center center","background-size":"auto","background-attachment":"scroll","background-type":"","background-media":"","overlay-type":"","overlay-color":"","overlay-opacity":"","overlay-gradient":""},"tablet":{"background-color":"","background-image":"","background-repeat":"repeat","background-position":"center center","background-size":"auto","background-attachment":"scroll","background-type":"","background-media":"","overlay-type":"","overlay-color":"","overlay-opacity":"","overlay-gradient":""},"mobile":{"background-color":"","background-image":"","background-repeat":"repeat","background-position":"center center","background-size":"auto","background-attachment":"scroll","background-type":"","background-media":"","overlay-type":"","overlay-color":"","overlay-opacity":"","overlay-gradient":""}},"ast-content-background-meta":{"desktop":{"background-color":"var(--ast-global-color-5)","background-image":"","background-repeat":"repeat","background-position":"center center","background-size":"auto","background-attachment":"scroll","background-type":"","background-media":"","overlay-type":"","overlay-color":"","overlay-opacity":"","overlay-gradient":""},"tablet":{"background-color":"var(--ast-global-color-5)","background-image":"","background-repeat":"repeat","background-position":"center center","background-size":"auto","background-attachment":"scroll","background-type":"","background-media":"","overlay-type":"","overlay-color":"","overlay-opacity":"","overlay-gradient":""},"mobile":{"background-color":"var(--ast-global-color-5)","background-image":"","background-repeat":"repeat","background-position":"center center","background-size":"auto","background-attachment":"scroll","background-type":"","background-media":"","overlay-type":"","overlay-color":"","overlay-opacity":"","overlay-gradient":""}},"footnotes":""},"class_list":["post-2586","page","type-page","status-publish","hentry"],"yoast_head":"<!-- This site is optimized with the Yoast SEO plugin v19.2 - https:\/\/yoast.com\/wordpress\/plugins\/seo\/ -->\n<title>CGV - Cuiralatre<\/title>\n<meta name=\"robots\" content=\"index, follow, max-snippet:-1, max-image-preview:large, max-video-preview:-1\" \/>\n<link rel=\"canonical\" href=\"https:\/\/cuiralatre.com\/index.php\/cgv\/\" \/>\n<meta property=\"og:locale\" content=\"fr_FR\" \/>\n<meta property=\"og:type\" content=\"article\" \/>\n<meta property=\"og:title\" content=\"CGV - Cuiralatre\" \/>\n<meta property=\"og:description\" content=\"Conditions g\u00e9n\u00e9rales de vente Conclusions du contratLes renseignements port\u00e9s sur les catalogues, notices, bar\u00e8mes et autres documents sont donn\u00e9s \u00e0 titre indicatif et n\u2019en &#8211;gagent pas le vendeur.La commande de l\u2019acheteur est r\u00e9put\u00e9e d\u00e9finitive apr\u00e8s acceptation du vendeurLes pr\u00e9sentes conditions g\u00e9n\u00e9rales pr\u00e9valent sur toutes autres conditions g\u00e9n\u00e9rales qui pourraient leur \u00eatre oppos\u00e9es.Le client est seul [&hellip;]\" \/>\n<meta property=\"og:url\" content=\"https:\/\/cuiralatre.com\/index.php\/cgv\/\" \/>\n<meta property=\"og:site_name\" content=\"Cuiralatre\" \/>\n<meta property=\"article:modified_time\" content=\"2022-01-03T15:03:06+00:00\" \/>\n<meta name=\"author\" content=\"Gilles63\" \/>\n<meta name=\"twitter:card\" content=\"summary_large_image\" \/>\n<meta name=\"twitter:label1\" content=\"Dur\u00e9e de lecture estim\u00e9e\" \/>\n\t<meta name=\"twitter:data1\" content=\"3 minutes\" \/>\n<script type=\"application\/ld+json\" class=\"yoast-schema-graph\">{\"@context\":\"https:\/\/schema.org\",\"@graph\":[{\"@type\":\"WebSite\",\"@id\":\"https:\/\/cuiralatre.com\/#website\",\"url\":\"https:\/\/cuiralatre.com\/\",\"name\":\"Cuiralatre\",\"description\":\"Appareils de cuisson au feu de bois\",\"potentialAction\":[{\"@type\":\"SearchAction\",\"target\":{\"@type\":\"EntryPoint\",\"urlTemplate\":\"https:\/\/cuiralatre.com\/?s={search_term_string}\"},\"query-input\":\"required name=search_term_string\"}],\"inLanguage\":\"fr-FR\"},{\"@type\":\"WebPage\",\"@id\":\"https:\/\/cuiralatre.com\/index.php\/cgv\/#webpage\",\"url\":\"https:\/\/cuiralatre.com\/index.php\/cgv\/\",\"name\":\"CGV - Cuiralatre\",\"isPartOf\":{\"@id\":\"https:\/\/cuiralatre.com\/#website\"},\"datePublished\":\"2022-01-03T14:59:48+00:00\",\"dateModified\":\"2022-01-03T15:03:06+00:00\",\"breadcrumb\":{\"@id\":\"https:\/\/cuiralatre.com\/index.php\/cgv\/#breadcrumb\"},\"inLanguage\":\"fr-FR\",\"potentialAction\":[{\"@type\":\"ReadAction\",\"target\":[\"https:\/\/cuiralatre.com\/index.php\/cgv\/\"]}]},{\"@type\":\"BreadcrumbList\",\"@id\":\"https:\/\/cuiralatre.com\/index.php\/cgv\/#breadcrumb\",\"itemListElement\":[{\"@type\":\"ListItem\",\"position\":1,\"name\":\"Accueil\",\"item\":\"https:\/\/cuiralatre.com\/\"},{\"@type\":\"ListItem\",\"position\":2,\"name\":\"CGV\"}]}]}<\/script>\n<!-- \/ Yoast SEO plugin. -->","yoast_head_json":{"title":"CGV - Cuiralatre","robots":{"index":"index","follow":"follow","max-snippet":"max-snippet:-1","max-image-preview":"max-image-preview:large","max-video-preview":"max-video-preview:-1"},"canonical":"https:\/\/cuiralatre.com\/index.php\/cgv\/","og_locale":"fr_FR","og_type":"article","og_title":"CGV - Cuiralatre","og_description":"Conditions g\u00e9n\u00e9rales de vente Conclusions du contratLes renseignements port\u00e9s sur les catalogues, notices, bar\u00e8mes et autres documents sont donn\u00e9s \u00e0 titre indicatif et n\u2019en &#8211;gagent pas le vendeur.La commande de l\u2019acheteur est r\u00e9put\u00e9e d\u00e9finitive apr\u00e8s acceptation du vendeurLes pr\u00e9sentes conditions g\u00e9n\u00e9rales pr\u00e9valent sur toutes autres conditions g\u00e9n\u00e9rales qui pourraient leur \u00eatre oppos\u00e9es.Le client est seul [&hellip;]","og_url":"https:\/\/cuiralatre.com\/index.php\/cgv\/","og_site_name":"Cuiralatre","article_modified_time":"2022-01-03T15:03:06+00:00","author":"Gilles63","twitter_card":"summary_large_image","twitter_misc":{"Dur\u00e9e de lecture estim\u00e9e":"3 minutes"},"schema":{"@context":"https:\/\/schema.org","@graph":[{"@type":"WebSite","@id":"https:\/\/cuiralatre.com\/#website","url":"https:\/\/cuiralatre.com\/","name":"Cuiralatre","description":"Appareils de cuisson au feu de bois","potentialAction":[{"@type":"SearchAction","target":{"@type":"EntryPoint","urlTemplate":"https:\/\/cuiralatre.com\/?s={search_term_string}"},"query-input":"required name=search_term_string"}],"inLanguage":"fr-FR"},{"@type":"WebPage","@id":"https:\/\/cuiralatre.com\/index.php\/cgv\/#webpage","url":"https:\/\/cuiralatre.com\/index.php\/cgv\/","name":"CGV - Cuiralatre","isPartOf":{"@id":"https:\/\/cuiralatre.com\/#website"},"datePublished":"2022-01-03T14:59:48+00:00","dateModified":"2022-01-03T15:03:06+00:00","breadcrumb":{"@id":"https:\/\/cuiralatre.com\/index.php\/cgv\/#breadcrumb"},"inLanguage":"fr-FR","potentialAction":[{"@type":"ReadAction","target":["https:\/\/cuiralatre.com\/index.php\/cgv\/"]}]},{"@type":"BreadcrumbList","@id":"https:\/\/cuiralatre.com\/index.php\/cgv\/#breadcrumb","itemListElement":[{"@type":"ListItem","position":1,"name":"Accueil","item":"https:\/\/cuiralatre.com\/"},{"@type":"ListItem","position":2,"name":"CGV"}]}]}},"_links":{"self":[{"href":"https:\/\/cuiralatre.com\/index.php\/wp-json\/wp\/v2\/pages\/2586","targetHints":{"allow":["GET"]}}],"collection":[{"href":"https:\/\/cuiralatre.com\/index.php\/wp-json\/wp\/v2\/pages"}],"about":[{"href":"https:\/\/cuiralatre.com\/index.php\/wp-json\/wp\/v2\/types\/page"}],"author":[{"embeddable":true,"href":"https:\/\/cuiralatre.com\/index.php\/wp-json\/wp\/v2\/users\/1"}],"replies":[{"embeddable":true,"href":"https:\/\/cuiralatre.com\/index.php\/wp-json\/wp\/v2\/comments?post=2586"}],"version-history":[{"count":4,"href":"https:\/\/cuiralatre.com\/index.php\/wp-json\/wp\/v2\/pages\/2586\/revisions"}],"predecessor-version":[{"id":2590,"href":"https:\/\/cuiralatre.com\/index.php\/wp-json\/wp\/v2\/pages\/2586\/revisions\/2590"}],"wp:attachment":[{"href":"https:\/\/cuiralatre.com\/index.php\/wp-json\/wp\/v2\/media?parent=2586"}],"curies":[{"name":"wp","href":"https:\/\/api.w.org\/{rel}","templated":true}]}}