{"id":2181,"date":"2021-12-15T10:16:19","date_gmt":"2021-12-15T09:16:19","guid":{"rendered":"https:\/\/cuiralatre.com\/?page_id=2181"},"modified":"2022-04-26T11:21:44","modified_gmt":"2022-04-26T09:21:44","slug":"fours-grand-mere","status":"publish","type":"page","link":"https:\/\/cuiralatre.com\/index.php\/fours-grand-mere\/","title":{"rendered":"Fours Grand-m\u00e8re"},"content":{"rendered":"\t\t<div data-elementor-type=\"wp-page\" data-elementor-id=\"2181\" class=\"elementor elementor-2181\">\n\t\t\t\t\t\t\t\t\t<section class=\"elementor-section elementor-top-section elementor-element elementor-element-c119252 elementor-section-boxed elementor-section-height-default elementor-section-height-default\" data-id=\"c119252\" data-element_type=\"section\">\n\t\t\t\t\t\t<div class=\"elementor-container elementor-column-gap-default\">\n\t\t\t\t\t<div class=\"elementor-column elementor-col-100 elementor-top-column elementor-element elementor-element-a214cac\" data-id=\"a214cac\" data-element_type=\"column\">\n\t\t\t<div class=\"elementor-widget-wrap elementor-element-populated\">\n\t\t\t\t\t\t\t\t<div class=\"elementor-element elementor-element-40bcc5c elementor-widget elementor-widget-spacer\" data-id=\"40bcc5c\" data-element_type=\"widget\" data-widget_type=\"spacer.default\">\n\t\t\t\t<div class=\"elementor-widget-container\">\n\t\t\t<style>\/*! elementor - v3.10.1 - 17-01-2023 *\/\n.elementor-column .elementor-spacer-inner{height:var(--spacer-size)}.e-con{--container-widget-width:100%}.e-con-inner>.elementor-widget-spacer,.e-con>.elementor-widget-spacer{width:var(--container-widget-width,var(--spacer-size));--align-self:var(--container-widget-align-self,initial);--flex-shrink:0}.e-con-inner>.elementor-widget-spacer>.elementor-widget-container,.e-con-inner>.elementor-widget-spacer>.elementor-widget-container>.elementor-spacer,.e-con>.elementor-widget-spacer>.elementor-widget-container,.e-con>.elementor-widget-spacer>.elementor-widget-container>.elementor-spacer{height:100%}.e-con-inner>.elementor-widget-spacer>.elementor-widget-container>.elementor-spacer>.elementor-spacer-inner,.e-con>.elementor-widget-spacer>.elementor-widget-container>.elementor-spacer>.elementor-spacer-inner{height:var(--container-widget-height,var(--spacer-size))}<\/style>\t\t<div class=\"elementor-spacer\">\n\t\t\t<div class=\"elementor-spacer-inner\"><\/div>\n\t\t<\/div>\n\t\t\t\t<\/div>\n\t\t\t\t<\/div>\n\t\t\t\t\t<\/div>\n\t\t<\/div>\n\t\t\t\t\t\t\t<\/div>\n\t\t<\/section>\n\t\t\t\t<section class=\"elementor-section elementor-top-section elementor-element elementor-element-6ca12a6 elementor-section-boxed elementor-section-height-default elementor-section-height-default\" data-id=\"6ca12a6\" data-element_type=\"section\">\n\t\t\t\t\t\t<div class=\"elementor-container elementor-column-gap-default\">\n\t\t\t\t\t<div class=\"elementor-column elementor-col-50 elementor-top-column elementor-element elementor-element-b655eb0\" data-id=\"b655eb0\" data-element_type=\"column\">\n\t\t\t<div class=\"elementor-widget-wrap elementor-element-populated\">\n\t\t\t\t\t\t\t\t<div class=\"elementor-element elementor-element-4920287 elementor-widget elementor-widget-spacer\" data-id=\"4920287\" data-element_type=\"widget\" data-widget_type=\"spacer.default\">\n\t\t\t\t<div class=\"elementor-widget-container\">\n\t\t\t\t\t<div class=\"elementor-spacer\">\n\t\t\t<div class=\"elementor-spacer-inner\"><\/div>\n\t\t<\/div>\n\t\t\t\t<\/div>\n\t\t\t\t<\/div>\n\t\t\t\t<div class=\"elementor-element elementor-element-9ba4188 animated-slow elementor-invisible elementor-widget elementor-widget-heading\" data-id=\"9ba4188\" data-element_type=\"widget\" data-settings=\"{&quot;_animation&quot;:&quot;fadeInDown&quot;}\" data-widget_type=\"heading.default\">\n\t\t\t\t<div class=\"elementor-widget-container\">\n\t\t\t<style>\/*! elementor - v3.10.1 - 17-01-2023 *\/\n.elementor-heading-title{padding:0;margin:0;line-height:1}.elementor-widget-heading .elementor-heading-title[class*=elementor-size-]>a{color:inherit;font-size:inherit;line-height:inherit}.elementor-widget-heading .elementor-heading-title.elementor-size-small{font-size:15px}.elementor-widget-heading .elementor-heading-title.elementor-size-medium{font-size:19px}.elementor-widget-heading .elementor-heading-title.elementor-size-large{font-size:29px}.elementor-widget-heading .elementor-heading-title.elementor-size-xl{font-size:39px}.elementor-widget-heading .elementor-heading-title.elementor-size-xxl{font-size:59px}<\/style><h1 class=\"elementor-heading-title elementor-size-default\">Fours Grand-m\u00e8re<\/h1>\t\t<\/div>\n\t\t\t\t<\/div>\n\t\t\t\t<div class=\"elementor-element elementor-element-7f44fea elementor-widget elementor-widget-text-editor\" data-id=\"7f44fea\" data-element_type=\"widget\" data-widget_type=\"text-editor.default\">\n\t\t\t\t<div class=\"elementor-widget-container\">\n\t\t\t<style>\/*! elementor - v3.10.1 - 17-01-2023 *\/\n.elementor-widget-text-editor.elementor-drop-cap-view-stacked .elementor-drop-cap{background-color:#818a91;color:#fff}.elementor-widget-text-editor.elementor-drop-cap-view-framed .elementor-drop-cap{color:#818a91;border:3px solid;background-color:transparent}.elementor-widget-text-editor:not(.elementor-drop-cap-view-default) .elementor-drop-cap{margin-top:8px}.elementor-widget-text-editor:not(.elementor-drop-cap-view-default) .elementor-drop-cap-letter{width:1em;height:1em}.elementor-widget-text-editor .elementor-drop-cap{float:left;text-align:center;line-height:1;font-size:50px}.elementor-widget-text-editor .elementor-drop-cap-letter{display:inline-block}<\/style>\t\t\t\t<p align=\"left\"><span class=\"textescourant\">Sa forme traditionnelle ronde et basse assure un rayonnement de cuisson optimal.<br \/>Fourni en trois \u00e9l\u00e9ments pr\u00e9fabriqu\u00e9s : sole, d\u00f4me et cintre d&rsquo;entr\u00e9e.<br \/>Son assemblage est facile \u00e0 r\u00e9aliser selon la notice de pose d\u00e9taill\u00e9e.<br \/>Existe en diam\u00e8tre int\u00e9rieur de 70 cm et de 95 cm. Tarifs et documentation sp\u00e9cifique sur demande.<br \/><\/span>Pour tout renseignement, consultez le <a href=\"http:\/\/www.fourgrandmere.com\/fr\/\">site des fours Grand-m\u00e8re<\/a><\/p><p><span class=\"Titres3blocs\"><strong class=\"titregamme\">Int\u00e9gration et habillage au mat\u00e9riel Cuiral\u00e2tre<\/strong><br \/><\/span><span class=\"textescourant\"><br \/>Sa forme tunnel et son \u00e9vacuation de fum\u00e9es en partie arri\u00e8re permettent <br \/>de lui adjoindre en partie sup\u00e9rieure un chauffe-plat et un chauffe-assiette de grande capacit\u00e9.<br \/>Sous le four sont pr\u00e9vus tiroir et cendrier.<br \/>La fa\u00e7ade en fer forg\u00e9 est martel\u00e9e, vernie, les boutons sont en laiton. <br \/>L&rsquo;ensemble est fourni enti\u00e8rement mont\u00e9 et isol\u00e9, pr\u00eat \u00e0 mettre en place.<br \/>Buse d&rsquo;\u00e9vacuation des fum\u00e9es diam\u00e8tre : 155 mm. <br \/>Dimensions ext\u00e9rieures : largeur 75 cm, hauteur 90 cm, profondeur 75 cm.<\/span><\/p>\t\t\t\t\t\t<\/div>\n\t\t\t\t<\/div>\n\t\t\t\t\t<\/div>\n\t\t<\/div>\n\t\t\t\t<div class=\"elementor-column elementor-col-50 elementor-top-column elementor-element elementor-element-7df7c10\" data-id=\"7df7c10\" data-element_type=\"column\">\n\t\t\t<div class=\"elementor-widget-wrap elementor-element-populated\">\n\t\t\t\t\t\t\t\t<div class=\"elementor-element elementor-element-8ff4c55 animated-slow elementor-invisible elementor-widget elementor-widget-image\" data-id=\"8ff4c55\" data-element_type=\"widget\" data-settings=\"{&quot;_animation&quot;:&quot;fadeInRight&quot;}\" data-widget_type=\"image.default\">\n\t\t\t\t<div class=\"elementor-widget-container\">\n\t\t\t<style>\/*! elementor - v3.10.1 - 17-01-2023 *\/\n.elementor-widget-image{text-align:center}.elementor-widget-image a{display:inline-block}.elementor-widget-image a img[src$=\".svg\"]{width:48px}.elementor-widget-image img{vertical-align:middle;display:inline-block}<\/style>\t\t\t\t\t\t\t\t\t\t\t\t<img decoding=\"async\" src=\"https:\/\/cuiralatre.com\/wp-content\/uploads\/elementor\/thumbs\/fourcuiralatre-1-pnxdnidvist6mvz8n59fqcly1xvdzxq34tv4dyqjjk.jpg\" title=\"Fabricant de four \u00e0 pizza en Bourgogne\" alt=\"Fabricant de four \u00e0 pizza en Bourgogne\" loading=\"lazy\" \/>\t\t\t\t\t\t\t\t\t\t\t\t\t\t\t<\/div>\n\t\t\t\t<\/div>\n\t\t\t\t\t<\/div>\n\t\t<\/div>\n\t\t\t\t\t\t\t<\/div>\n\t\t<\/section>\n\t\t\t\t<section class=\"elementor-section elementor-top-section elementor-element elementor-element-e2ff98a elementor-section-boxed elementor-section-height-default elementor-section-height-default\" data-id=\"e2ff98a\" data-element_type=\"section\">\n\t\t\t\t\t\t<div class=\"elementor-container elementor-column-gap-default\">\n\t\t\t\t\t<div class=\"elementor-column elementor-col-100 elementor-top-column elementor-element elementor-element-a1fe271\" data-id=\"a1fe271\" data-element_type=\"column\">\n\t\t\t<div class=\"elementor-widget-wrap elementor-element-populated\">\n\t\t\t\t\t\t\t\t<div class=\"elementor-element elementor-element-89f0179 elementor-widget elementor-widget-spacer\" data-id=\"89f0179\" data-element_type=\"widget\" data-widget_type=\"spacer.default\">\n\t\t\t\t<div class=\"elementor-widget-container\">\n\t\t\t\t\t<div class=\"elementor-spacer\">\n\t\t\t<div class=\"elementor-spacer-inner\"><\/div>\n\t\t<\/div>\n\t\t\t\t<\/div>\n\t\t\t\t<\/div>\n\t\t\t\t<div class=\"elementor-element elementor-element-b443df3 elementor-widget elementor-widget-text-editor\" data-id=\"b443df3\" data-element_type=\"widget\" data-widget_type=\"text-editor.default\">\n\t\t\t\t<div class=\"elementor-widget-container\">\n\t\t\t\t\t\t\t<p>Une question sur les fours ?<\/p>\t\t\t\t\t\t<\/div>\n\t\t\t\t<\/div>\n\t\t\t\t<div class=\"elementor-element elementor-element-dc3849c elementor-align-center elementor-widget elementor-widget-button\" data-id=\"dc3849c\" data-element_type=\"widget\" data-widget_type=\"button.default\">\n\t\t\t\t<div class=\"elementor-widget-container\">\n\t\t\t\t\t<div class=\"elementor-button-wrapper\">\n\t\t\t<a href=\"https:\/\/cuiralatre.com\/index.php\/contact\/\" class=\"elementor-button-link elementor-button elementor-size-xs\" role=\"button\">\n\t\t\t\t\t\t<span class=\"elementor-button-content-wrapper\">\n\t\t\t\t\t\t<span class=\"elementor-button-text\">Contactez-nous<\/span>\n\t\t<\/span>\n\t\t\t\t\t<\/a>\n\t\t<\/div>\n\t\t\t\t<\/div>\n\t\t\t\t<\/div>\n\t\t\t\t\t<\/div>\n\t\t<\/div>\n\t\t\t\t\t\t\t<\/div>\n\t\t<\/section>\n\t\t\t\t\t\t\t<\/div>\n\t\t","protected":false},"excerpt":{"rendered":"<p>Fours Grand-m\u00e8re Sa forme traditionnelle ronde et basse assure un rayonnement de cuisson optimal.Fourni en trois \u00e9l\u00e9ments pr\u00e9fabriqu\u00e9s : sole, d\u00f4me et cintre d&rsquo;entr\u00e9e.Son assemblage est facile \u00e0 r\u00e9aliser selon la notice de pose d\u00e9taill\u00e9e.Existe en diam\u00e8tre int\u00e9rieur de 70 cm et de 95 cm. Tarifs et documentation sp\u00e9cifique sur demande.Pour tout renseignement, consultez le [&hellip;]<\/p>\n","protected":false},"author":1,"featured_media":0,"parent":0,"menu_order":0,"comment_status":"closed","ping_status":"closed","template":"","meta":{"_monsterinsights_skip_tracking":false,"_monsterinsights_sitenote_active":false,"_monsterinsights_sitenote_note":"","_monsterinsights_sitenote_category":0,"site-sidebar-layout":"no-sidebar","site-content-layout":"page-builder","ast-site-content-layout":"","site-content-style":"default","site-sidebar-style":"default","ast-global-header-display":"","ast-banner-title-visibility":"","ast-main-header-display":"","ast-hfb-above-header-display":"","ast-hfb-below-header-display":"","ast-hfb-mobile-header-display":"","site-post-title":"disabled","ast-breadcrumbs-content":"","ast-featured-img":"disabled","footer-sml-layout":"","theme-transparent-header-meta":"default","adv-header-id-meta":"","stick-header-meta":"","header-above-stick-meta":"","header-main-stick-meta":"","header-below-stick-meta":"","astra-migrate-meta-layouts":"default","ast-page-background-enabled":"default","ast-page-background-meta":{"desktop":{"background-color":"var(--ast-global-color-4)","background-image":"","background-repeat":"repeat","background-position":"center center","background-size":"auto","background-attachment":"scroll","background-type":"","background-media":"","overlay-type":"","overlay-color":"","overlay-opacity":"","overlay-gradient":""},"tablet":{"background-color":"","background-image":"","background-repeat":"repeat","background-position":"center center","background-size":"auto","background-attachment":"scroll","background-type":"","background-media":"","overlay-type":"","overlay-color":"","overlay-opacity":"","overlay-gradient":""},"mobile":{"background-color":"","background-image":"","background-repeat":"repeat","background-position":"center center","background-size":"auto","background-attachment":"scroll","background-type":"","background-media":"","overlay-type":"","overlay-color":"","overlay-opacity":"","overlay-gradient":""}},"ast-content-background-meta":{"desktop":{"background-color":"var(--ast-global-color-5)","background-image":"","background-repeat":"repeat","background-position":"center center","background-size":"auto","background-attachment":"scroll","background-type":"","background-media":"","overlay-type":"","overlay-color":"","overlay-opacity":"","overlay-gradient":""},"tablet":{"background-color":"var(--ast-global-color-5)","background-image":"","background-repeat":"repeat","background-position":"center center","background-size":"auto","background-attachment":"scroll","background-type":"","background-media":"","overlay-type":"","overlay-color":"","overlay-opacity":"","overlay-gradient":""},"mobile":{"background-color":"var(--ast-global-color-5)","background-image":"","background-repeat":"repeat","background-position":"center center","background-size":"auto","background-attachment":"scroll","background-type":"","background-media":"","overlay-type":"","overlay-color":"","overlay-opacity":"","overlay-gradient":""}},"footnotes":""},"class_list":["post-2181","page","type-page","status-publish","hentry"],"yoast_head":"<!-- This site is optimized with the Yoast SEO plugin v19.2 - https:\/\/yoast.com\/wordpress\/plugins\/seo\/ -->\n<title>Fours Grand-m\u00e8re - Cuiralatre<\/title>\n<meta name=\"robots\" content=\"index, follow, max-snippet:-1, max-image-preview:large, max-video-preview:-1\" \/>\n<link rel=\"canonical\" href=\"https:\/\/cuiralatre.com\/index.php\/fours-grand-mere\/\" \/>\n<meta property=\"og:locale\" content=\"fr_FR\" \/>\n<meta property=\"og:type\" content=\"article\" \/>\n<meta property=\"og:title\" content=\"Fours Grand-m\u00e8re - Cuiralatre\" \/>\n<meta property=\"og:description\" content=\"Fours Grand-m\u00e8re Sa forme traditionnelle ronde et basse assure un rayonnement de cuisson optimal.Fourni en trois \u00e9l\u00e9ments pr\u00e9fabriqu\u00e9s : sole, d\u00f4me et cintre d&rsquo;entr\u00e9e.Son assemblage est facile \u00e0 r\u00e9aliser selon la notice de pose d\u00e9taill\u00e9e.Existe en diam\u00e8tre int\u00e9rieur de 70 cm et de 95 cm. Tarifs et documentation sp\u00e9cifique sur demande.Pour tout renseignement, consultez le [&hellip;]\" \/>\n<meta property=\"og:url\" content=\"https:\/\/cuiralatre.com\/index.php\/fours-grand-mere\/\" \/>\n<meta property=\"og:site_name\" content=\"Cuiralatre\" \/>\n<meta property=\"article:modified_time\" content=\"2022-04-26T09:21:44+00:00\" \/>\n<meta property=\"og:image\" content=\"https:\/\/cuiralatre.com\/wp-content\/uploads\/elementor\/thumbs\/fourcuiralatre-1-pnxdnidvist6mvz8n59fqcly1xvdzxq34tv4dyqjjk.jpg\" \/>\n<meta name=\"author\" content=\"Gilles63\" \/>\n<meta name=\"twitter:card\" content=\"summary_large_image\" \/>\n<meta name=\"twitter:label1\" content=\"Dur\u00e9e de lecture estim\u00e9e\" \/>\n\t<meta name=\"twitter:data1\" content=\"1 minute\" \/>\n<script type=\"application\/ld+json\" class=\"yoast-schema-graph\">{\"@context\":\"https:\/\/schema.org\",\"@graph\":[{\"@type\":\"WebSite\",\"@id\":\"https:\/\/cuiralatre.com\/#website\",\"url\":\"https:\/\/cuiralatre.com\/\",\"name\":\"Cuiralatre\",\"description\":\"Appareils de cuisson au feu de bois\",\"potentialAction\":[{\"@type\":\"SearchAction\",\"target\":{\"@type\":\"EntryPoint\",\"urlTemplate\":\"https:\/\/cuiralatre.com\/?s={search_term_string}\"},\"query-input\":\"required name=search_term_string\"}],\"inLanguage\":\"fr-FR\"},{\"@type\":\"ImageObject\",\"inLanguage\":\"fr-FR\",\"@id\":\"https:\/\/cuiralatre.com\/index.php\/fours-grand-mere\/#primaryimage\",\"url\":\"https:\/\/cuiralatre.com\/wp-content\/uploads\/elementor\/thumbs\/fourcuiralatre-1-pnxdnidvist6mvz8n59fqcly1xvdzxq34tv4dyqjjk.jpg\",\"contentUrl\":\"https:\/\/cuiralatre.com\/wp-content\/uploads\/elementor\/thumbs\/fourcuiralatre-1-pnxdnidvist6mvz8n59fqcly1xvdzxq34tv4dyqjjk.jpg\"},{\"@type\":\"WebPage\",\"@id\":\"https:\/\/cuiralatre.com\/index.php\/fours-grand-mere\/#webpage\",\"url\":\"https:\/\/cuiralatre.com\/index.php\/fours-grand-mere\/\",\"name\":\"Fours Grand-m\u00e8re - Cuiralatre\",\"isPartOf\":{\"@id\":\"https:\/\/cuiralatre.com\/#website\"},\"primaryImageOfPage\":{\"@id\":\"https:\/\/cuiralatre.com\/index.php\/fours-grand-mere\/#primaryimage\"},\"datePublished\":\"2021-12-15T09:16:19+00:00\",\"dateModified\":\"2022-04-26T09:21:44+00:00\",\"breadcrumb\":{\"@id\":\"https:\/\/cuiralatre.com\/index.php\/fours-grand-mere\/#breadcrumb\"},\"inLanguage\":\"fr-FR\",\"potentialAction\":[{\"@type\":\"ReadAction\",\"target\":[\"https:\/\/cuiralatre.com\/index.php\/fours-grand-mere\/\"]}]},{\"@type\":\"BreadcrumbList\",\"@id\":\"https:\/\/cuiralatre.com\/index.php\/fours-grand-mere\/#breadcrumb\",\"itemListElement\":[{\"@type\":\"ListItem\",\"position\":1,\"name\":\"Accueil\",\"item\":\"https:\/\/cuiralatre.com\/\"},{\"@type\":\"ListItem\",\"position\":2,\"name\":\"Fours Grand-m\u00e8re\"}]}]}<\/script>\n<!-- \/ Yoast SEO plugin. -->","yoast_head_json":{"title":"Fours Grand-m\u00e8re - Cuiralatre","robots":{"index":"index","follow":"follow","max-snippet":"max-snippet:-1","max-image-preview":"max-image-preview:large","max-video-preview":"max-video-preview:-1"},"canonical":"https:\/\/cuiralatre.com\/index.php\/fours-grand-mere\/","og_locale":"fr_FR","og_type":"article","og_title":"Fours Grand-m\u00e8re - Cuiralatre","og_description":"Fours Grand-m\u00e8re Sa forme traditionnelle ronde et basse assure un rayonnement de cuisson optimal.Fourni en trois \u00e9l\u00e9ments pr\u00e9fabriqu\u00e9s : sole, d\u00f4me et cintre d&rsquo;entr\u00e9e.Son assemblage est facile \u00e0 r\u00e9aliser selon la notice de pose d\u00e9taill\u00e9e.Existe en diam\u00e8tre int\u00e9rieur de 70 cm et de 95 cm. Tarifs et documentation sp\u00e9cifique sur demande.Pour tout renseignement, consultez le [&hellip;]","og_url":"https:\/\/cuiralatre.com\/index.php\/fours-grand-mere\/","og_site_name":"Cuiralatre","article_modified_time":"2022-04-26T09:21:44+00:00","og_image":[{"url":"https:\/\/cuiralatre.com\/wp-content\/uploads\/elementor\/thumbs\/fourcuiralatre-1-pnxdnidvist6mvz8n59fqcly1xvdzxq34tv4dyqjjk.jpg"}],"author":"Gilles63","twitter_card":"summary_large_image","twitter_misc":{"Dur\u00e9e de lecture estim\u00e9e":"1 minute"},"schema":{"@context":"https:\/\/schema.org","@graph":[{"@type":"WebSite","@id":"https:\/\/cuiralatre.com\/#website","url":"https:\/\/cuiralatre.com\/","name":"Cuiralatre","description":"Appareils de cuisson au feu de bois","potentialAction":[{"@type":"SearchAction","target":{"@type":"EntryPoint","urlTemplate":"https:\/\/cuiralatre.com\/?s={search_term_string}"},"query-input":"required name=search_term_string"}],"inLanguage":"fr-FR"},{"@type":"ImageObject","inLanguage":"fr-FR","@id":"https:\/\/cuiralatre.com\/index.php\/fours-grand-mere\/#primaryimage","url":"https:\/\/cuiralatre.com\/wp-content\/uploads\/elementor\/thumbs\/fourcuiralatre-1-pnxdnidvist6mvz8n59fqcly1xvdzxq34tv4dyqjjk.jpg","contentUrl":"https:\/\/cuiralatre.com\/wp-content\/uploads\/elementor\/thumbs\/fourcuiralatre-1-pnxdnidvist6mvz8n59fqcly1xvdzxq34tv4dyqjjk.jpg"},{"@type":"WebPage","@id":"https:\/\/cuiralatre.com\/index.php\/fours-grand-mere\/#webpage","url":"https:\/\/cuiralatre.com\/index.php\/fours-grand-mere\/","name":"Fours Grand-m\u00e8re - Cuiralatre","isPartOf":{"@id":"https:\/\/cuiralatre.com\/#website"},"primaryImageOfPage":{"@id":"https:\/\/cuiralatre.com\/index.php\/fours-grand-mere\/#primaryimage"},"datePublished":"2021-12-15T09:16:19+00:00","dateModified":"2022-04-26T09:21:44+00:00","breadcrumb":{"@id":"https:\/\/cuiralatre.com\/index.php\/fours-grand-mere\/#breadcrumb"},"inLanguage":"fr-FR","potentialAction":[{"@type":"ReadAction","target":["https:\/\/cuiralatre.com\/index.php\/fours-grand-mere\/"]}]},{"@type":"BreadcrumbList","@id":"https:\/\/cuiralatre.com\/index.php\/fours-grand-mere\/#breadcrumb","itemListElement":[{"@type":"ListItem","position":1,"name":"Accueil","item":"https:\/\/cuiralatre.com\/"},{"@type":"ListItem","position":2,"name":"Fours Grand-m\u00e8re"}]}]}},"_links":{"self":[{"href":"https:\/\/cuiralatre.com\/index.php\/wp-json\/wp\/v2\/pages\/2181","targetHints":{"allow":["GET"]}}],"collection":[{"href":"https:\/\/cuiralatre.com\/index.php\/wp-json\/wp\/v2\/pages"}],"about":[{"href":"https:\/\/cuiralatre.com\/index.php\/wp-json\/wp\/v2\/types\/page"}],"author":[{"embeddable":true,"href":"https:\/\/cuiralatre.com\/index.php\/wp-json\/wp\/v2\/users\/1"}],"replies":[{"embeddable":true,"href":"https:\/\/cuiralatre.com\/index.php\/wp-json\/wp\/v2\/comments?post=2181"}],"version-history":[{"count":22,"href":"https:\/\/cuiralatre.com\/index.php\/wp-json\/wp\/v2\/pages\/2181\/revisions"}],"predecessor-version":[{"id":3442,"href":"https:\/\/cuiralatre.com\/index.php\/wp-json\/wp\/v2\/pages\/2181\/revisions\/3442"}],"wp:attachment":[{"href":"https:\/\/cuiralatre.com\/index.php\/wp-json\/wp\/v2\/media?parent=2181"}],"curies":[{"name":"wp","href":"https:\/\/api.w.org\/{rel}","templated":true}]}}